{"id":114,"date":"2022-04-25T14:07:34","date_gmt":"2022-04-25T12:07:34","guid":{"rendered":"https:\/\/gaps-dresden.de\/?page_id=114"},"modified":"2022-04-25T14:09:02","modified_gmt":"2022-04-25T12:09:02","slug":"impressum","status":"publish","type":"page","link":"https:\/\/gaps-dresden.de\/en\/impressum\/","title":{"rendered":"Impressum"},"content":{"rendered":"<p class=\"wp-block-paragraph\"><a href=\"http:\/\/www.deutsche-anwaltshotline.de\/recht-auf-ihrer-website\/impressum-generator\">Impressum dieser Website erstellt<\/a> \u00fcber den Generator der Deutschen Anwaltshotline AG<br><br>Angaben gem. \u00a7 5 TMG<br><br><strong>Betreiber und Kontakt:<\/strong><br>Prof. Dr.-Ing. Frank Atzler<br>Technische Universit\u00e4t Dresden<br>George-B\u00e4hr-Stra\u00dfe 1b<br>01069 Dresden<br><br>Telefonnummer: +49 176 89504166<br>E-Mail-Adresse: Frank.Atzler@tu-dresden.de<br><br><strong>Verantwortlicher f\u00fcr journalistisch-redaktionelle Inhalte gem. \u00a7 55 II RstV:<\/strong><br>Prof. Dr.-Ing. Frank Atzler<br>Technische Universit\u00e4t Dresden<br>George-B\u00e4hr-Stra\u00dfe 1b<br>01069 Dresden<\/p>\n\n\n\n<p class=\"wp-block-paragraph\"><br><strong>Bilder und Grafiken:<\/strong><br>Angaben der Quelle f\u00fcr verwendetes Bilder- und Grafikmaterial:<br>Private Bildquellen<\/p>\n\n\n\n<p class=\"wp-block-paragraph\"><strong>Online-Streitbeilegung gem\u00e4\u00df Art. 14 Abs. 1 ODR-VO<\/strong><br>Die Europ\u00e4ische Kommission stellt eine Plattform zur Online-Streitbeilegung (OS) bereit, die Sie unter <a href=\"http:\/\/ec.europa.eu\/consumers\/odr\/\">http:\/\/ec.europa.eu\/consumers\/odr\/<\/a> finden.<\/p>","protected":false},"excerpt":{"rendered":"<p>Impressum dieser Website erstellt \u00fcber den Generator der Deutschen Anwaltshotline AG Angaben gem. \u00a7 5 TMG Betreiber und Kontakt:Prof. Dr.-Ing.<\/p>\n<p class=\"readmore\"><a href=\"https:\/\/gaps-dresden.de\/en\/impressum\/\" title=\"Read Impressum\">Read more &raquo;<\/a><\/p>","protected":false},"author":1,"featured_media":0,"parent":0,"menu_order":0,"comment_status":"closed","ping_status":"closed","template":"","meta":{"_crdt_document":"","footnotes":""},"class_list":["post-114","page","type-page","status-publish","hentry"],"_links":{"self":[{"href":"https:\/\/gaps-dresden.de\/en\/wp-json\/wp\/v2\/pages\/114","targetHints":{"allow":["GET"]}}],"collection":[{"href":"https:\/\/gaps-dresden.de\/en\/wp-json\/wp\/v2\/pages"}],"about":[{"href":"https:\/\/gaps-dresden.de\/en\/wp-json\/wp\/v2\/types\/page"}],"author":[{"embeddable":true,"href":"https:\/\/gaps-dresden.de\/en\/wp-json\/wp\/v2\/users\/1"}],"replies":[{"embeddable":true,"href":"https:\/\/gaps-dresden.de\/en\/wp-json\/wp\/v2\/comments?post=114"}],"version-history":[{"count":3,"href":"https:\/\/gaps-dresden.de\/en\/wp-json\/wp\/v2\/pages\/114\/revisions"}],"predecessor-version":[{"id":134,"href":"https:\/\/gaps-dresden.de\/en\/wp-json\/wp\/v2\/pages\/114\/revisions\/134"}],"wp:attachment":[{"href":"https:\/\/gaps-dresden.de\/en\/wp-json\/wp\/v2\/media?parent=114"}],"curies":[{"name":"wp","href":"https:\/\/api.w.org\/{rel}","templated":true}]}}