{"id":151,"date":"2022-08-10T08:21:29","date_gmt":"2022-08-10T06:21:29","guid":{"rendered":"https:\/\/gaps-dresden.de\/?page_id=151"},"modified":"2025-11-24T11:47:41","modified_gmt":"2025-11-24T10:47:41","slug":"programm","status":"publish","type":"page","link":"https:\/\/gaps-dresden.de\/en\/programm\/","title":{"rendered":"Program"},"content":{"rendered":"<p class=\"wp-block-paragraph\">The event will be preceded on the evening of <strong>25. November ab ca. 18.00<\/strong> with an informal dinner with a lab tour. <br>George-B\u00e4hr-Str. 1b, 01069 Dresden (<a href=\"https:\/\/goo.gl\/maps\/t9QwKddhFzu7JU3E7\">https:\/\/goo.gl\/maps\/t9QwKddhFzu7JU3E7<\/a>) \/ backyard&nbsp;<\/p>\n\n\n\n<p class=\"wp-block-paragraph\"><strong>Mittwoch 26. November<\/strong><br><span class=\"LrzXr\">Potthoff-Bau Raum 161, Hettnerstra\u00dfe 1, 01069 Dresden<\/span> <a href=\"https:\/\/goo.gl\/maps\/2x3rLCCv327FEqWi7\" target=\"_blank\" rel=\"noreferrer noopener\">https:\/\/goo.gl\/maps\/2x3rLCCv327FEqWi7<\/a><\/p>\n\n\n\n<p class=\"wp-block-paragraph\">ab <strong>8:30 Uhr &#8211; <strong>Get-Together<\/strong><\/strong>&nbsp;&nbsp;&nbsp;&nbsp;&nbsp;&nbsp;&nbsp;&nbsp;&nbsp;&nbsp;&nbsp;&nbsp;&nbsp;&nbsp;&nbsp;&nbsp;&nbsp;&nbsp;&nbsp;&nbsp;&nbsp;&nbsp;&nbsp;&nbsp;&nbsp;&nbsp;&nbsp;&nbsp;&nbsp;&nbsp;&nbsp;&nbsp;&nbsp;&nbsp;&nbsp;&nbsp;&nbsp;&nbsp;&nbsp;&nbsp;<\/p>\n\n\n\n<p class=\"wp-block-paragraph\">09:00 Uhr<br>  <strong>Begr\u00fc\u00dfung<\/strong> \/ <strong>Welcome<\/strong><br><em>  Prof. F. Atzler; TU Dresden<\/em><\/p>\n\n\n\n<p class=\"wp-block-paragraph\">09:05 Uhr<br>  \u201e<strong>Update zu erneuerbaren Energien\u201c<br><\/strong>  Update on renewable Energy<br>  <em>F. Atzler; TU Dresden&nbsp;&nbsp;<\/em>&nbsp;&nbsp;&nbsp;&nbsp;&nbsp;&nbsp;&nbsp;&nbsp;&nbsp;<\/p>\n\n\n\n<p class=\"wp-block-paragraph\">09:30 Uhr<br>  <strong>\u201eSustainable Aviation Fuels: Status quo und Perspektiven\u201c<br><\/strong>  Sustainable Aviation Fuels: Status Quo and Prospects<br>  <em>J. Schr\u00f6der, DBFZ Deutsches Biomasseforschungszentrum gemeinn\u00fctzige GmbH &nbsp;&nbsp;<\/em>&nbsp;&nbsp;&nbsp;&nbsp;&nbsp;&nbsp;<\/p>\n\n\n\n<p class=\"wp-block-paragraph\">10:00 Uhr<br>  <strong>\u201eUpdate zu aktuellen \u00c4nderungen von EASA-Vorschriften\u201c<br><\/strong>  Update on current changes to EASA regulations<br>  <em>S. Ebert, European Union Aviation Safety Agency&nbsp;&nbsp;&nbsp;&nbsp;&nbsp;&nbsp;&nbsp;&nbsp;&nbsp;<\/em><\/p>\n\n\n\n<p class=\"wp-block-paragraph\">10:30 \u2013 11:00 Uhr Kaffeepause \/ Networking \/ Ausstellung<br><br>11:00 Uhr<br> <strong>\u201eWasserstoffluftfahrt \u2013 Herausforderungen und Erkenntnisse aus der Entwicklung der APUS i-2\u201d\u00a0\u00a0\u00a0<\/strong>\u00a0\u00a0\u00a0\u00a0\u00a0\u00a0\u00a0\u00a0\u00a0\u00a0\u00a0<br> <em>P. Scheffel; Clean Aviation Technologies\u00a0\u00a0<\/em>\u00a0\u00a0\u00a0\u00a0\u00a0\u00a0<br><\/p>\n\n\n\n<p class=\"wp-block-paragraph\">11:30 Uhr<br>  \u201e<strong>916 H2 \u2013 Engineered for Change: Hydrogen Conversion of the 916 iS Engine\u201c<\/strong><br>  <em>S. Volk; Bosch General Aviation Technology GmbH<\/em><\/p>\n\n\n\n<p class=\"wp-block-paragraph\">12:00 Uhr<br>  \u201e<strong>n.n.&nbsp;\u00bb<br><\/strong><em>  <\/em><em>D. D\u00f6rner, CONTINENTAL AEROSPACE TECHNOLOGIES GmbH\u2122&nbsp;&nbsp;&nbsp;&nbsp;&nbsp;&nbsp;&nbsp;&nbsp;&nbsp;<\/em>&nbsp;&nbsp;&nbsp;&nbsp;&nbsp;&nbsp;&nbsp;&nbsp;&nbsp;&nbsp;&nbsp;&nbsp;&nbsp;&nbsp;&nbsp;&nbsp;<\/p>\n\n\n\n<p class=\"wp-block-paragraph\">12:30 Uhr<br>  \u201e<strong>Kolben-Flugzeugmotore f\u00fcr Kleinflugzeuge (UL,ELA1\/2) und deren Integration in die Zelle aus Sicht eines Betreibers\u201d<\/strong><br>  <em>A. Albrecht&nbsp;&nbsp;&nbsp;&nbsp;&nbsp;&nbsp;&nbsp;&nbsp;&nbsp;&nbsp;<\/em><\/p>\n\n\n\n<p class=\"wp-block-paragraph\">13:00 \u2013 14:00 Uhr Mittagspause \/ Networking \/ Ausstellung<\/p>\n\n\n\n<p class=\"wp-block-paragraph\">14:00 Uhr<strong><br>  \u201eValve Seat Insert materials in a changing environment\u201c<br><\/strong><em>  <\/em><em>M. Grabolle, T. Trudeau, P. Qiao; L.E. Jones Company<\/em><\/p>\n\n\n\n<p class=\"wp-block-paragraph\">14:30 Uhr<br>  <strong>\u201eM\u00f6glichkeiten und Herausforderungen der Emissionsmessung bei alternativen Kraftstoffen\u201c<br><\/strong><em>  <\/em><em>S. Eichmann; HORIBA Automotive<\/em><\/p>\n\n\n\n<p class=\"wp-block-paragraph\">15:00 Uhr<br>  \u201e<strong>Mehr als Genauigkeitsklasse: Einflussgr\u00f6\u00dfen bei der pr\u00e4zisen Drehmomentmessung von Luftfahrtantrieben<\/strong>\u201c<br>  More than accuracy class: influencing factors in the precise torque measurement of aircraft engines<br>  <em>T. Kuck, R. Strege; ATESTEO GmbH &amp; Co. KG<\/em><\/p>\n\n\n\n<p class=\"wp-block-paragraph\">15:30 Uhr<strong><br>  <\/strong><strong>\u201e<\/strong><strong>Measurement technology as contributor to R&amp;D in General Aviation <\/strong><strong>\u201c<\/strong><strong><br><\/strong><em>  <\/em><em>J. Ruwe; Kistler <\/em><em>Instrumente <\/em><em>GmbH<\/em><\/p>\n\n\n\n<p class=\"wp-block-paragraph\">16:00 Uhr<br>  <strong>Zusammenfassung \/ Conclusion<\/strong><br>  <em>Prof. F. Atzler TU Dresden<\/em><\/p>\n\n\n\n<p class=\"wp-block-paragraph\"><strong>Representatives from the following organizations will be waiting for you at the exhibition: <\/strong> <br> &#8211; <em>ATESTEO GmbH &amp; Co. KG<\/em><br> &#8211; ETAS GmbH<br> &#8211; <em>Kistler Instrumente GmbH<\/em><br><em>&#8211; HORIBA Automotive<\/em><br>&#8211; Miba Bearing Group&nbsp;<br><br>Take advantage of this opportunity to learn about the latest developments in exhibition technology and get to know them.<br><\/p>\n\n\n\n<p class=\"wp-block-paragraph\"><br><\/p>","protected":false},"excerpt":{"rendered":"<p>Vor der Veranstaltung findet am Abend des 25. November ab ca. 18.00 ein informelles Abendessen mit Laborbesichtigung statt. George-B\u00e4hr-Str. 1b,<\/p>\n<p class=\"readmore\"><a href=\"https:\/\/gaps-dresden.de\/en\/programm\/\" title=\"Read Programm\">Read more &raquo;<\/a><\/p>","protected":false},"author":1,"featured_media":0,"parent":0,"menu_order":0,"comment_status":"closed","ping_status":"closed","template":"","meta":{"_crdt_document":"","footnotes":""},"class_list":["post-151","page","type-page","status-publish","hentry"],"_links":{"self":[{"href":"https:\/\/gaps-dresden.de\/en\/wp-json\/wp\/v2\/pages\/151","targetHints":{"allow":["GET"]}}],"collection":[{"href":"https:\/\/gaps-dresden.de\/en\/wp-json\/wp\/v2\/pages"}],"about":[{"href":"https:\/\/gaps-dresden.de\/en\/wp-json\/wp\/v2\/types\/page"}],"author":[{"embeddable":true,"href":"https:\/\/gaps-dresden.de\/en\/wp-json\/wp\/v2\/users\/1"}],"replies":[{"embeddable":true,"href":"https:\/\/gaps-dresden.de\/en\/wp-json\/wp\/v2\/comments?post=151"}],"version-history":[{"count":47,"href":"https:\/\/gaps-dresden.de\/en\/wp-json\/wp\/v2\/pages\/151\/revisions"}],"predecessor-version":[{"id":313,"href":"https:\/\/gaps-dresden.de\/en\/wp-json\/wp\/v2\/pages\/151\/revisions\/313"}],"wp:attachment":[{"href":"https:\/\/gaps-dresden.de\/en\/wp-json\/wp\/v2\/media?parent=151"}],"curies":[{"name":"wp","href":"https:\/\/api.w.org\/{rel}","templated":true}]}}