{"id":45,"date":"2022-04-19T13:31:33","date_gmt":"2022-04-19T11:31:33","guid":{"rendered":"https:\/\/gaps-dresden.de\/?page_id=45"},"modified":"2022-05-01T23:51:19","modified_gmt":"2022-05-01T21:51:19","slug":"kontakt","status":"publish","type":"page","link":"https:\/\/gaps-dresden.de\/en\/kontakt\/","title":{"rendered":"Contact"},"content":{"rendered":"<p class=\"wp-block-paragraph\"><strong>Organiser<\/strong><\/p>\n\n\n\n<p class=\"wp-block-paragraph translation-block\">Technische Universit\u00e4t Dresden<br>\nChair of Combustion Engines and Powertrain Systems<br> \nGeorge-B\u00e4hr-Stra\u00dfe 1b<br>\n01069 Dresden<\/p>\n\n\n\n<p class=\"wp-block-paragraph\"><strong>conference chairman<\/strong><\/p>\n\n\n\n<p class=\"wp-block-paragraph translation-block\">Prof. Dr.-Ing. Frank Atzler<br>\nTechnische Universit\u00e4t Dresden<br>\nChair of Combustion Engines and Powertrain Systems<\/p>\n\n\n\n<p class=\"wp-block-paragraph\"><\/p>\n\n\n\n<p class=\"wp-block-paragraph\"><strong>Organisation<\/strong><\/p>\n\n\n\n<p class=\"wp-block-paragraph translation-block\">Contact: Dr.-Ing. Ronny Werner<br>Telefon:                +49 351 463-34352<br>E-Mail:                  info@gaps-dresden.de<\/p>","protected":false},"excerpt":{"rendered":"<p>Veranstalter Technische Universit\u00e4t DresdenLehrstuhl f\u00fcr Verbrennungsmotoren und AntriebssystemeGeorge-B\u00e4hr-Stra\u00dfe 1b01069 Dresden Tagungsleitung Prof. Dr.-Ing. Frank AtzlerTechnische Universit\u00e4t DresdenLeiter des Lehrstuhls f\u00fcr<\/p>\n<p class=\"readmore\"><a href=\"https:\/\/gaps-dresden.de\/en\/kontakt\/\" title=\"Read Kontakt\">Read more &raquo;<\/a><\/p>","protected":false},"author":1,"featured_media":0,"parent":0,"menu_order":0,"comment_status":"closed","ping_status":"closed","template":"","meta":{"_crdt_document":"","footnotes":""},"class_list":["post-45","page","type-page","status-publish","hentry"],"_links":{"self":[{"href":"https:\/\/gaps-dresden.de\/en\/wp-json\/wp\/v2\/pages\/45","targetHints":{"allow":["GET"]}}],"collection":[{"href":"https:\/\/gaps-dresden.de\/en\/wp-json\/wp\/v2\/pages"}],"about":[{"href":"https:\/\/gaps-dresden.de\/en\/wp-json\/wp\/v2\/types\/page"}],"author":[{"embeddable":true,"href":"https:\/\/gaps-dresden.de\/en\/wp-json\/wp\/v2\/users\/1"}],"replies":[{"embeddable":true,"href":"https:\/\/gaps-dresden.de\/en\/wp-json\/wp\/v2\/comments?post=45"}],"version-history":[{"count":3,"href":"https:\/\/gaps-dresden.de\/en\/wp-json\/wp\/v2\/pages\/45\/revisions"}],"predecessor-version":[{"id":139,"href":"https:\/\/gaps-dresden.de\/en\/wp-json\/wp\/v2\/pages\/45\/revisions\/139"}],"wp:attachment":[{"href":"https:\/\/gaps-dresden.de\/en\/wp-json\/wp\/v2\/media?parent=45"}],"curies":[{"name":"wp","href":"https:\/\/api.w.org\/{rel}","templated":true}]}}